{"id":4553,"date":"2025-07-06T19:09:30","date_gmt":"2025-07-06T17:09:30","guid":{"rendered":"https:\/\/odorbxl.com\/nos-parfums\/niet-gecategoriseerd\/portret-van-een-dame-uitverkocht\/"},"modified":"2025-09-01T22:30:36","modified_gmt":"2025-09-01T20:30:36","slug":"portret-van-een-dame-uitverkocht","status":"publish","type":"product","link":"https:\/\/odorbxl.com\/nl\/nos-parfums\/frederic-malle\/portret-van-een-dame-uitverkocht\/","title":{"rendered":"Portret van een dame (uitverkocht)"},"content":{"rendered":"\t\t<div data-elementor-type=\"product-post\" data-elementor-id=\"4553\" class=\"elementor elementor-4553\" data-elementor-post-type=\"product\">\n\t\t\t\t<div class=\"elementor-element elementor-element-fe54445 e-flex e-con-boxed e-con e-parent\" data-id=\"fe54445\" data-element_type=\"container\" data-e-type=\"container\">\n\t\t\t\t\t<div class=\"e-con-inner\">\n\t\t\t\t<div class=\"elementor-element elementor-element-3e87ccc elementor-widget elementor-widget-heading\" data-id=\"3e87ccc\" data-element_type=\"widget\" data-e-type=\"widget\" data-widget_type=\"heading.default\">\n\t\t\t\t<div class=\"elementor-widget-container\">\n\t\t\t\t\t<h2 class=\"elementor-heading-title elementor-size-default\">Het verhaal van  <\/h2>\t\t\t\t<\/div>\n\t\t\t\t<\/div>\n\t\t\t\t<div class=\"elementor-element elementor-element-4f3fffc elementor-widget elementor-widget-heading\" data-id=\"4f3fffc\" data-element_type=\"widget\" data-e-type=\"widget\" data-widget_type=\"heading.default\">\n\t\t\t\t<div class=\"elementor-widget-container\">\n\t\t\t\t\t<h2 class=\"elementor-heading-title elementor-size-default\">FREDERIK MALLE<\/h2>\t\t\t\t<\/div>\n\t\t\t\t<\/div>\n\t\t\t\t<div class=\"elementor-element elementor-element-b914c00 elementor-widget elementor-widget-text-editor\" data-id=\"b914c00\" data-element_type=\"widget\" data-e-type=\"widget\" data-widget_type=\"text-editor.default\">\n\t\t\t\t<div class=\"elementor-widget-container\">\n\t\t\t\t\t\t\t\t\t<p>Fr\u00e9d\u00e9ric Malle, kleinzoon van de oprichter van Parfums Christian Dior, groeide op in het hart van de parfumerie. In 2000 richtte hij <strong data-start=\"212\" data-end=\"250\" data-is-only-node=\"\">\u00c9ditions de Parfums Fr\u00e9d\u00e9ric Malle<\/strong> op, met een unieke aanpak: het accent leggen op de talenten van de grootste neuzen. Hij treedt op als uitgever en geeft parfumeurs de volledige creatieve vrijheid om hun kunst uit te drukken. Elke geur is een gesigneerd kunstwerk, zonder marketingbeperkingen, trouw aan de uitmuntendheid van vakmanschap. Het bedrijf staat bekend om zijn veeleisende normen, zijn eigenheid en de rijkdom van zijn composities.<br data-start=\"630\" data-end=\"633\">Fr\u00e9d\u00e9ric Malle heeft parfum zijn status als kunstobject teruggegeven.    <\/p>\t\t\t\t\t\t\t\t<\/div>\n\t\t\t\t<\/div>\n\t\t\t\t\t<\/div>\n\t\t\t\t<\/div>\n\t\t\t\t<\/div>\n\t\t","protected":false},"excerpt":{"rendered":"<p>Een uitzonderlijke geur van Dominique Ropion, PORTRAIT OF A LADY sublimeert de weelde en voluptueusheid van de Turkse roos in onredelijke proporties.<\/p>\n<p>Met PORTRAIT OF A LADY markeren Fr\u00e9d\u00e9ric Malle en parfumeur Dominique Ropion een nieuwe fase in de grote chronologie van de parfumerie. Door middel van deze oversized roos, uitvergroot door hout, amber en wierook, hertekenen de ontwerpers de contouren van de chypres, een olfactorische familie die synoniem is met de grote uren van de 20e-eeuwse parfumerie. <\/p>\n<p><strong>Topnoten : <\/strong>Framboos, Roos, Zwarte bes<\/p>\n<p><strong>Hartnoot :<\/strong> Roos, Patchouli, Wierook<\/p>\n<p><strong>Basisnoten: <\/strong>Muskus, Amber, Vanille<\/p>\n<p><strong>Inhoud: <\/strong>100ml<\/p>\n","protected":false},"featured_media":0,"comment_status":"open","ping_status":"closed","template":"","meta":{"om_disable_all_campaigns":false},"etheme_brands":[],"product_brand":[],"product_cat":[182],"product_tag":[],"class_list":{"0":"post-4553","1":"product","2":"type-product","3":"status-publish","5":"product_cat-frederic-malle","7":"first","8":"outofstock","9":"shipping-taxable","10":"purchasable","11":"product-type-simple"},"_links":{"self":[{"href":"https:\/\/odorbxl.com\/nl\/wp-json\/wp\/v2\/product\/4553","targetHints":{"allow":["GET"]}}],"collection":[{"href":"https:\/\/odorbxl.com\/nl\/wp-json\/wp\/v2\/product"}],"about":[{"href":"https:\/\/odorbxl.com\/nl\/wp-json\/wp\/v2\/types\/product"}],"replies":[{"embeddable":true,"href":"https:\/\/odorbxl.com\/nl\/wp-json\/wp\/v2\/comments?post=4553"}],"version-history":[{"count":1,"href":"https:\/\/odorbxl.com\/nl\/wp-json\/wp\/v2\/product\/4553\/revisions"}],"predecessor-version":[{"id":4557,"href":"https:\/\/odorbxl.com\/nl\/wp-json\/wp\/v2\/product\/4553\/revisions\/4557"}],"wp:attachment":[{"href":"https:\/\/odorbxl.com\/nl\/wp-json\/wp\/v2\/media?parent=4553"}],"wp:term":[{"taxonomy":"brand","embeddable":true,"href":"https:\/\/odorbxl.com\/nl\/wp-json\/wp\/v2\/etheme_brands?post=4553"},{"taxonomy":"product_brand","embeddable":true,"href":"https:\/\/odorbxl.com\/nl\/wp-json\/wp\/v2\/product_brand?post=4553"},{"taxonomy":"product_cat","embeddable":true,"href":"https:\/\/odorbxl.com\/nl\/wp-json\/wp\/v2\/product_cat?post=4553"},{"taxonomy":"product_tag","embeddable":true,"href":"https:\/\/odorbxl.com\/nl\/wp-json\/wp\/v2\/product_tag?post=4553"}],"curies":[{"name":"wp","href":"https:\/\/api.w.org\/{rel}","templated":true}]}}