{"id":3094,"date":"2025-08-23T18:16:52","date_gmt":"2025-08-23T16:16:52","guid":{"rendered":"https:\/\/odorbxl.com\/juridische-informatie\/"},"modified":"2025-09-01T21:50:00","modified_gmt":"2025-09-01T19:50:00","slug":"juridische-informatie","status":"publish","type":"page","link":"https:\/\/odorbxl.com\/nl\/juridische-informatie\/","title":{"rendered":"Juridische informatie"},"content":{"rendered":"\t\t<div data-elementor-type=\"wp-page\" data-elementor-id=\"3094\" class=\"elementor elementor-3094 elementor-2412\" data-elementor-post-type=\"page\">\n\t\t\t\t<div class=\"elementor-element elementor-element-1d1c7546 e-flex e-con-boxed e-con e-parent\" data-id=\"1d1c7546\" data-element_type=\"container\" data-e-type=\"container\">\n\t\t\t\t\t<div class=\"e-con-inner\">\n\t\t\t\t<div class=\"elementor-element elementor-element-3cff9650 elementor-widget elementor-widget-text-editor\" data-id=\"3cff9650\" data-element_type=\"widget\" data-e-type=\"widget\" data-widget_type=\"text-editor.default\">\n\t\t\t\t<div class=\"elementor-widget-container\">\n\t\t\t\t\t\t\t\t\t<p><strong><\/strong><\/p>\n<h2 class=\"wp-block-heading\"><strong>Juridische informatie<\/strong><\/h2>\n\n<p>Deze site is gepubliceerd door:<br>Burak Sezenli<br>Onderneming geregistreerd bij de Kruispuntbank van Ondernemingen onder nummer 1006.114.484<br>Intracommunautaire BTW: BE1006114484<br>Adres: Avenue de l&#8217;H\u00f4pital Fran\u00e7ais 6, 1083 Ganshoren, Belgi\u00eb<br>E-mail: <a>contact@odorbxl.com<\/a><\/p>\n\n<h2 class=\"wp-block-heading\"><strong>Hosting<\/strong><\/h2>\n\n<p>De site wordt gehost door:<br>Hostinger International Ltd.<br>61 Lordou Vironos Street, 6023 Larnaca, Cyprus<br>Website: https: <a>\/\/www.hostinger.com<\/a><\/p>\n\n<h2 class=\"wp-block-heading\"><strong>Ontwerp en ontwikkeling<\/strong><\/h2>\n\n<p>Deze site is ontworpen en ontwikkeld door : Netyn<a href=\"https:\/\/netyn.io\">(https:\/\/netyn.io)<\/a><\/p>\n\n<h2 class=\"wp-block-heading\"><strong>Intellectueel eigendom<\/strong><\/h2>\n\n<p>Alle inhoud op deze site (tekst, afbeeldingen, logo&#8217;s, grafieken, enz.) is het exclusieve eigendom van ODORBXL, tenzij anders vermeld.<br>Elke reproductie, verspreiding of gebruik zonder voorafgaande toestemming is verboden.<\/p>\n\n<h2 class=\"wp-block-heading\"><strong>Persoonlijke gegevens (RGPD)<\/strong><\/h2>\n\n<p>De informatie die tijdens het browsen of bestellen wordt verzameld, wordt uitsluitend gebruikt om ervoor te zorgen dat aankopen correct worden verwerkt en om de gebruikerservaring te verbeteren.<br>In overeenstemming met de Algemene Verordening Gegevensbescherming (AVG) hebt u het recht op toegang tot en rectificatie en verwijdering van uw persoonlijke gegevens.<br>Voor alle vragen: <a>contact@odorbxl.com<\/a><\/p>\n\n<h2 class=\"wp-block-heading\"><strong>Aansprakelijkheid<\/strong><\/h2>\n\n<p>ODORBXL streeft ernaar op deze site betrouwbare en actuele informatie te verschaffen. Er wordt echter geen garantie gegeven voor de juistheid of volledigheid ervan.<br>De uitgever kan niet verantwoordelijk worden gehouden voor fouten, weglatingen of misbruik van de site.<\/p>\n\t\t\t\t\t\t\t\t<\/div>\n\t\t\t\t<\/div>\n\t\t\t\t\t<\/div>\n\t\t\t\t<\/div>\n\t\t\t\t<\/div>\n\t\t","protected":false},"excerpt":{"rendered":"<p>Juridische informatie Deze site is gepubliceerd door:Burak SezenliOnderneming geregistreerd bij de Kruispuntbank van Ondernemingen onder nummer 1006.114.484Intracommunautaire BTW: BE1006114484Adres: Avenue de l&#8217;H\u00f4pital Fran\u00e7ais 6, 1083&#8230;<\/p>\n","protected":false},"author":1,"featured_media":0,"parent":0,"menu_order":0,"comment_status":"closed","ping_status":"closed","template":"","meta":{"om_disable_all_campaigns":false,"footnotes":""},"class_list":["post-3094","page","type-page","status-publish","hentry"],"_hostinger_reach_plugin_has_subscription_block":false,"_hostinger_reach_plugin_is_elementor":false,"_links":{"self":[{"href":"https:\/\/odorbxl.com\/nl\/wp-json\/wp\/v2\/pages\/3094","targetHints":{"allow":["GET"]}}],"collection":[{"href":"https:\/\/odorbxl.com\/nl\/wp-json\/wp\/v2\/pages"}],"about":[{"href":"https:\/\/odorbxl.com\/nl\/wp-json\/wp\/v2\/types\/page"}],"author":[{"embeddable":true,"href":"https:\/\/odorbxl.com\/nl\/wp-json\/wp\/v2\/users\/1"}],"replies":[{"embeddable":true,"href":"https:\/\/odorbxl.com\/nl\/wp-json\/wp\/v2\/comments?post=3094"}],"version-history":[{"count":11,"href":"https:\/\/odorbxl.com\/nl\/wp-json\/wp\/v2\/pages\/3094\/revisions"}],"predecessor-version":[{"id":3169,"href":"https:\/\/odorbxl.com\/nl\/wp-json\/wp\/v2\/pages\/3094\/revisions\/3169"}],"wp:attachment":[{"href":"https:\/\/odorbxl.com\/nl\/wp-json\/wp\/v2\/media?parent=3094"}],"curies":[{"name":"wp","href":"https:\/\/api.w.org\/{rel}","templated":true}]}}