{"id":4570,"date":"2025-07-06T19:09:30","date_gmt":"2025-07-06T17:09:30","guid":{"rendered":"https:\/\/odorbxl.com\/nos-parfums\/uncategorized\/portrait-of-a-lady-sold-out\/"},"modified":"2025-09-01T22:30:36","modified_gmt":"2025-09-01T20:30:36","slug":"portrait-of-a-lady-sold-out","status":"publish","type":"product","link":"https:\/\/odorbxl.com\/en\/nos-parfums\/frederic-malle\/portrait-of-a-lady-sold-out\/","title":{"rendered":"Portrait of a Lady (sold out)"},"content":{"rendered":"\t\t<div data-elementor-type=\"product-post\" data-elementor-id=\"4570\" class=\"elementor elementor-4570\" data-elementor-post-type=\"product\">\n\t\t\t\t<div class=\"elementor-element elementor-element-fe54445 e-flex e-con-boxed e-con e-parent\" data-id=\"fe54445\" data-element_type=\"container\" data-e-type=\"container\">\n\t\t\t\t\t<div class=\"e-con-inner\">\n\t\t\t\t<div class=\"elementor-element elementor-element-3e87ccc elementor-widget elementor-widget-heading\" data-id=\"3e87ccc\" data-element_type=\"widget\" data-e-type=\"widget\" data-widget_type=\"heading.default\">\n\t\t\t\t<div class=\"elementor-widget-container\">\n\t\t\t\t\t<h2 class=\"elementor-heading-title elementor-size-default\">The story of  <\/h2>\t\t\t\t<\/div>\n\t\t\t\t<\/div>\n\t\t\t\t<div class=\"elementor-element elementor-element-4f3fffc elementor-widget elementor-widget-heading\" data-id=\"4f3fffc\" data-element_type=\"widget\" data-e-type=\"widget\" data-widget_type=\"heading.default\">\n\t\t\t\t<div class=\"elementor-widget-container\">\n\t\t\t\t\t<h2 class=\"elementor-heading-title elementor-size-default\">FREDERIC MALLE<\/h2>\t\t\t\t<\/div>\n\t\t\t\t<\/div>\n\t\t\t\t<div class=\"elementor-element elementor-element-b914c00 elementor-widget elementor-widget-text-editor\" data-id=\"b914c00\" data-element_type=\"widget\" data-e-type=\"widget\" data-widget_type=\"text-editor.default\">\n\t\t\t\t<div class=\"elementor-widget-container\">\n\t\t\t\t\t\t\t\t\t<p>Fr\u00e9d\u00e9ric Malle, grandson of the founder of Parfums Christian Dior, grew up at the heart of perfumery. In 2000, he founded <strong data-start=\"212\" data-end=\"250\" data-is-only-node=\"\">\u00c9ditions de Parfums Fr\u00e9d\u00e9ric Malle<\/strong>, with a unique approach: highlighting the talents of the greatest noses. He acts as a publisher, giving perfumers total creative freedom to express their art. Each fragrance is a signed work of art, with no marketing constraints, faithful to the excellence of craftsmanship. The company is renowned for its exacting standards, its singularity and the richness of its compositions.<br data-start=\"630\" data-end=\"633\">Fr\u00e9d\u00e9ric Malle restores perfume to its status as an objet d&#8217;art.    <\/p>\t\t\t\t\t\t\t\t<\/div>\n\t\t\t\t<\/div>\n\t\t\t\t\t<\/div>\n\t\t\t\t<\/div>\n\t\t\t\t<\/div>\n\t\t","protected":false},"excerpt":{"rendered":"<p>An exceptional fragrance by Dominique Ropion, PORTRAIT OF A LADY sublimates the opulence and voluptuousness of the Turkish rose in unreasonable proportions.<\/p>\n<p>With PORTRAIT OF A LADY, Fr\u00e9d\u00e9ric Malle and perfumer Dominique Ropion mark a new stage in the great chronology of perfumery. Through this oversized rose, magnified by woods, amber and incense, the designers redraw the contours of chypres, an olfactory family synonymous with the great hours of 20th-century perfumery. <\/p>\n<p><strong>Top notes: <\/strong>Raspberry, Rose, Blackcurrant<\/p>\n<p><strong>Heart note:<\/strong> Rose, Patchouli, Incense<\/p>\n<p><strong>Base notes: <\/strong>Musk, Amber, Vanilla<\/p>\n<p><strong>Size: <\/strong>100ml<\/p>\n","protected":false},"featured_media":0,"comment_status":"open","ping_status":"closed","template":"","meta":{"om_disable_all_campaigns":false},"etheme_brands":[],"product_brand":[],"product_cat":[234],"product_tag":[],"class_list":{"0":"post-4570","1":"product","2":"type-product","3":"status-publish","5":"product_cat-frederic-malle","7":"first","8":"outofstock","9":"shipping-taxable","10":"purchasable","11":"product-type-simple"},"_links":{"self":[{"href":"https:\/\/odorbxl.com\/en\/wp-json\/wp\/v2\/product\/4570","targetHints":{"allow":["GET"]}}],"collection":[{"href":"https:\/\/odorbxl.com\/en\/wp-json\/wp\/v2\/product"}],"about":[{"href":"https:\/\/odorbxl.com\/en\/wp-json\/wp\/v2\/types\/product"}],"replies":[{"embeddable":true,"href":"https:\/\/odorbxl.com\/en\/wp-json\/wp\/v2\/comments?post=4570"}],"version-history":[{"count":1,"href":"https:\/\/odorbxl.com\/en\/wp-json\/wp\/v2\/product\/4570\/revisions"}],"predecessor-version":[{"id":4574,"href":"https:\/\/odorbxl.com\/en\/wp-json\/wp\/v2\/product\/4570\/revisions\/4574"}],"wp:attachment":[{"href":"https:\/\/odorbxl.com\/en\/wp-json\/wp\/v2\/media?parent=4570"}],"wp:term":[{"taxonomy":"brand","embeddable":true,"href":"https:\/\/odorbxl.com\/en\/wp-json\/wp\/v2\/etheme_brands?post=4570"},{"taxonomy":"product_brand","embeddable":true,"href":"https:\/\/odorbxl.com\/en\/wp-json\/wp\/v2\/product_brand?post=4570"},{"taxonomy":"product_cat","embeddable":true,"href":"https:\/\/odorbxl.com\/en\/wp-json\/wp\/v2\/product_cat?post=4570"},{"taxonomy":"product_tag","embeddable":true,"href":"https:\/\/odorbxl.com\/en\/wp-json\/wp\/v2\/product_tag?post=4570"}],"curies":[{"name":"wp","href":"https:\/\/api.w.org\/{rel}","templated":true}]}}