{"id":2550,"date":"2024-12-03T15:45:24","date_gmt":"2024-12-03T13:45:24","guid":{"rendered":"https:\/\/odorbxl.com\/my-account\/"},"modified":"2025-09-01T21:38:20","modified_gmt":"2025-09-01T19:38:20","slug":"my-account","status":"publish","type":"page","link":"https:\/\/odorbxl.com\/en\/my-account\/","title":{"rendered":"My account"},"content":{"rendered":"\t\t<div data-elementor-type=\"wp-page\" data-elementor-id=\"2550\" class=\"elementor elementor-2550 elementor-19\" data-elementor-post-type=\"page\">\n\t\t\t\t<div class=\"elementor-element elementor-element-38596c7 e-flex e-con-boxed e-con e-parent\" data-id=\"38596c7\" data-element_type=\"container\" data-e-type=\"container\">\n\t\t\t\t\t<div class=\"e-con-inner\">\n\t\t\t\t<div class=\"elementor-element elementor-element-d91f530 etheme-account-page-tabs-vertical elementor-widget elementor-widget-woocommerce-account-etheme_page\" data-id=\"d91f530\" data-element_type=\"widget\" data-e-type=\"widget\" data-widget_type=\"woocommerce-account-etheme_page.default\">\n\t\t\t\t<div class=\"elementor-widget-container\">\n\t\t\t\t\t<div class=\"woocommerce\"><\/div>\t\t\t\t<\/div>\n\t\t\t\t<\/div>\n\t\t\t\t\t<\/div>\n\t\t\t\t<\/div>\n\t\t\t\t<\/div>\n\t\t","protected":false},"excerpt":{"rendered":"<p>bananastrwbry@gmail.com bananastrwbry@gmail.com Tableau de bord Commandes T\u00e9l\u00e9chargements Adresses D\u00e9tails du compte Se d\u00e9connecter Welcome to your account page Hi bananastrwbry@gmail.com, today is a great day&#8230;<\/p>\n","protected":false},"author":1,"featured_media":0,"parent":0,"menu_order":0,"comment_status":"closed","ping_status":"closed","template":"","meta":{"om_disable_all_campaigns":false,"footnotes":""},"class_list":["post-2550","page","type-page","status-publish","hentry"],"_hostinger_reach_plugin_has_subscription_block":false,"_hostinger_reach_plugin_is_elementor":false,"_links":{"self":[{"href":"https:\/\/odorbxl.com\/en\/wp-json\/wp\/v2\/pages\/2550","targetHints":{"allow":["GET"]}}],"collection":[{"href":"https:\/\/odorbxl.com\/en\/wp-json\/wp\/v2\/pages"}],"about":[{"href":"https:\/\/odorbxl.com\/en\/wp-json\/wp\/v2\/types\/page"}],"author":[{"embeddable":true,"href":"https:\/\/odorbxl.com\/en\/wp-json\/wp\/v2\/users\/1"}],"replies":[{"embeddable":true,"href":"https:\/\/odorbxl.com\/en\/wp-json\/wp\/v2\/comments?post=2550"}],"version-history":[{"count":0,"href":"https:\/\/odorbxl.com\/en\/wp-json\/wp\/v2\/pages\/2550\/revisions"}],"wp:attachment":[{"href":"https:\/\/odorbxl.com\/en\/wp-json\/wp\/v2\/media?parent=2550"}],"curies":[{"name":"wp","href":"https:\/\/api.w.org\/{rel}","templated":true}]}}